{"id":770,"date":"2024-08-19T07:22:15","date_gmt":"2024-08-19T07:22:15","guid":{"rendered":"https:\/\/amistadcoatepec.com\/site\/?page_id=770"},"modified":"2025-07-24T19:08:13","modified_gmt":"2025-07-24T19:08:13","slug":"espacio-teens","status":"publish","type":"page","link":"https:\/\/amistadcoatepec.com\/site\/espacio-teens\/","title":{"rendered":"Espacio Teens"},"content":{"rendered":"\t\t<div data-elementor-type=\"wp-page\" data-elementor-id=\"770\" class=\"elementor elementor-770\" data-elementor-post-type=\"page\">\n\t\t\t\t<div class=\"elementor-element elementor-element-392d6d4 e-con-full e-flex e-con e-parent\" data-id=\"392d6d4\" data-element_type=\"container\" data-settings=\"{&quot;background_background&quot;:&quot;slideshow&quot;,&quot;background_slideshow_gallery&quot;:[{&quot;id&quot;:900,&quot;url&quot;:&quot;https:\\\/\\\/amistadcoatepec.com\\\/site\\\/wp-content\\\/uploads\\\/2025\\\/07\\\/banner-teens-A.jpg&quot;}],&quot;background_slideshow_loop&quot;:&quot;yes&quot;,&quot;background_slideshow_slide_duration&quot;:5000,&quot;background_slideshow_slide_transition&quot;:&quot;fade&quot;,&quot;background_slideshow_transition_duration&quot;:500}\">\n\t\t<div class=\"elementor-element elementor-element-0e8c18a e-con-full e-flex e-con e-child\" data-id=\"0e8c18a\" data-element_type=\"container\">\n\t\t<div class=\"elementor-element elementor-element-1d4dd8d e-con-full e-flex e-con e-child\" data-id=\"1d4dd8d\" data-element_type=\"container\" data-settings=\"{&quot;background_background&quot;:&quot;classic&quot;}\">\n\t\t<div class=\"elementor-element elementor-element-a4ae638 e-con-full e-flex e-con e-child\" data-id=\"a4ae638\" data-element_type=\"container\">\n\t\t\t\t<div class=\"elementor-element elementor-element-c10363a elementor-widget elementor-widget-image\" data-id=\"c10363a\" data-element_type=\"widget\" data-widget_type=\"image.default\">\n\t\t\t\t<div class=\"elementor-widget-container\">\n\t\t\t\t\t\t\t\t\t\t\t\t\t\t\t<img fetchpriority=\"high\" decoding=\"async\" width=\"518\" height=\"231\" src=\"https:\/\/amistadcoatepec.com\/site\/wp-content\/uploads\/2024\/08\/youths.svg\" class=\"attachment-large size-large wp-image-772\" alt=\"\" \/>\t\t\t\t\t\t\t\t\t\t\t\t\t\t\t<\/div>\n\t\t\t\t<\/div>\n\t\t\t\t<div class=\"elementor-element elementor-element-42899b2 elementor-invisible elementor-widget elementor-widget-heading\" data-id=\"42899b2\" data-element_type=\"widget\" data-settings=\"{&quot;_animation&quot;:&quot;fadeInLeft&quot;,&quot;_animation_delay&quot;:700}\" data-widget_type=\"heading.default\">\n\t\t\t\t<div class=\"elementor-widget-container\">\n\t\t\t\t\t<h2 class=\"elementor-heading-title elementor-size-default\">teens<\/h2>\t\t\t\t<\/div>\n\t\t\t\t<\/div>\n\t\t\t\t<\/div>\n\t\t<div class=\"elementor-element elementor-element-d631219 e-con-full e-flex elementor-invisible e-con e-child\" data-id=\"d631219\" data-element_type=\"container\" data-settings=\"{&quot;animation&quot;:&quot;fadeInRight&quot;}\">\n\t\t\t\t<div class=\"elementor-element elementor-element-d4019e8 elementor-widget elementor-widget-heading\" data-id=\"d4019e8\" data-element_type=\"widget\" data-widget_type=\"heading.default\">\n\t\t\t\t<div class=\"elementor-widget-container\">\n\t\t\t\t\t<p class=\"elementor-heading-title elementor-size-default\">Cada 15 d\u00edas en nuestras reuniones generales de domingo, los adolescentes tienen cita con todo el staff de Teens para tener ense\u00f1anzas practicas, din\u00e1micas y actividades que le lleve a disfrutar y desarrollar su fe en Dios. <\/p>\t\t\t\t<\/div>\n\t\t\t\t<\/div>\n\t\t\t\t<\/div>\n\t\t\t\t<\/div>\n\t\t\t\t<\/div>\n\t\t\t\t<\/div>\n\t\t<div class=\"elementor-element elementor-element-653b7c2 e-con-full e-flex e-con e-parent\" data-id=\"653b7c2\" data-element_type=\"container\" data-settings=\"{&quot;background_background&quot;:&quot;classic&quot;}\">\n\t\t<div class=\"elementor-element elementor-element-1579bd7 e-con-full e-flex e-con e-child\" data-id=\"1579bd7\" data-element_type=\"container\">\n\t\t<div class=\"elementor-element elementor-element-15bb4fa e-con-full e-flex e-con e-child\" data-id=\"15bb4fa\" data-element_type=\"container\">\n\t\t\t\t<div class=\"elementor-element elementor-element-66c3631 animated-slow elementor-invisible elementor-widget elementor-widget-heading\" data-id=\"66c3631\" data-element_type=\"widget\" data-settings=\"{&quot;_animation&quot;:&quot;fadeInUp&quot;}\" data-widget_type=\"heading.default\">\n\t\t\t\t<div class=\"elementor-widget-container\">\n\t\t\t\t\t<h2 class=\"elementor-heading-title elementor-size-default\">Galer\u00eda<\/h2>\t\t\t\t<\/div>\n\t\t\t\t<\/div>\n\t\t<div class=\"elementor-element elementor-element-36174e4 e-con-full e-flex e-con e-child\" data-id=\"36174e4\" data-element_type=\"container\">\n\t\t<div class=\"elementor-element elementor-element-358c784 e-con-full e-flex e-con e-child\" data-id=\"358c784\" data-element_type=\"container\">\n\t\t\t\t<div class=\"elementor-element elementor-element-631780f elementor-position-top elementor-widget elementor-widget-image-box\" data-id=\"631780f\" data-element_type=\"widget\" data-widget_type=\"image-box.default\">\n\t\t\t\t<div class=\"elementor-widget-container\">\n\t\t\t\t\t<div class=\"elementor-image-box-wrapper\"><figure class=\"elementor-image-box-img\"><img decoding=\"async\" width=\"550\" height=\"550\" src=\"https:\/\/amistadcoatepec.com\/site\/wp-content\/uploads\/2025\/07\/Espacio-teens-01.jpg\" class=\"attachment-full size-full wp-image-906\" alt=\"\" srcset=\"https:\/\/amistadcoatepec.com\/site\/wp-content\/uploads\/2025\/07\/Espacio-teens-01.jpg 550w, https:\/\/amistadcoatepec.com\/site\/wp-content\/uploads\/2025\/07\/Espacio-teens-01-300x300.jpg 300w, https:\/\/amistadcoatepec.com\/site\/wp-content\/uploads\/2025\/07\/Espacio-teens-01-150x150.jpg 150w\" sizes=\"(max-width: 550px) 100vw, 550px\" \/><\/figure><\/div>\t\t\t\t<\/div>\n\t\t\t\t<\/div>\n\t\t\t\t<\/div>\n\t\t<div class=\"elementor-element elementor-element-f14545f e-con-full e-flex e-con e-child\" data-id=\"f14545f\" data-element_type=\"container\">\n\t\t\t\t<div class=\"elementor-element elementor-element-73ea730 elementor-position-top elementor-widget elementor-widget-image-box\" data-id=\"73ea730\" data-element_type=\"widget\" data-widget_type=\"image-box.default\">\n\t\t\t\t<div class=\"elementor-widget-container\">\n\t\t\t\t\t<div class=\"elementor-image-box-wrapper\"><figure class=\"elementor-image-box-img\"><img decoding=\"async\" width=\"550\" height=\"550\" src=\"https:\/\/amistadcoatepec.com\/site\/wp-content\/uploads\/2025\/07\/Espacio-teens-02.jpg\" class=\"attachment-full size-full wp-image-907\" alt=\"\" srcset=\"https:\/\/amistadcoatepec.com\/site\/wp-content\/uploads\/2025\/07\/Espacio-teens-02.jpg 550w, https:\/\/amistadcoatepec.com\/site\/wp-content\/uploads\/2025\/07\/Espacio-teens-02-300x300.jpg 300w, https:\/\/amistadcoatepec.com\/site\/wp-content\/uploads\/2025\/07\/Espacio-teens-02-150x150.jpg 150w\" sizes=\"(max-width: 550px) 100vw, 550px\" \/><\/figure><\/div>\t\t\t\t<\/div>\n\t\t\t\t<\/div>\n\t\t\t\t<\/div>\n\t\t<div class=\"elementor-element elementor-element-cd3e9cf e-con-full e-flex e-con e-child\" data-id=\"cd3e9cf\" data-element_type=\"container\">\n\t\t\t\t<div class=\"elementor-element elementor-element-302969c elementor-position-top elementor-widget elementor-widget-image-box\" data-id=\"302969c\" data-element_type=\"widget\" data-widget_type=\"image-box.default\">\n\t\t\t\t<div class=\"elementor-widget-container\">\n\t\t\t\t\t<div class=\"elementor-image-box-wrapper\"><figure class=\"elementor-image-box-img\"><img loading=\"lazy\" decoding=\"async\" width=\"550\" height=\"550\" src=\"https:\/\/amistadcoatepec.com\/site\/wp-content\/uploads\/2025\/07\/Espacio-teens-03.jpg\" class=\"attachment-full size-full wp-image-908\" alt=\"\" srcset=\"https:\/\/amistadcoatepec.com\/site\/wp-content\/uploads\/2025\/07\/Espacio-teens-03.jpg 550w, https:\/\/amistadcoatepec.com\/site\/wp-content\/uploads\/2025\/07\/Espacio-teens-03-300x300.jpg 300w, https:\/\/amistadcoatepec.com\/site\/wp-content\/uploads\/2025\/07\/Espacio-teens-03-150x150.jpg 150w\" sizes=\"(max-width: 550px) 100vw, 550px\" \/><\/figure><\/div>\t\t\t\t<\/div>\n\t\t\t\t<\/div>\n\t\t\t\t<\/div>\n\t\t<div class=\"elementor-element elementor-element-8e30766 e-con-full e-flex e-con e-child\" data-id=\"8e30766\" data-element_type=\"container\">\n\t\t\t\t<div class=\"elementor-element elementor-element-b432756 elementor-position-top elementor-widget elementor-widget-image-box\" data-id=\"b432756\" data-element_type=\"widget\" data-widget_type=\"image-box.default\">\n\t\t\t\t<div class=\"elementor-widget-container\">\n\t\t\t\t\t<div class=\"elementor-image-box-wrapper\"><figure class=\"elementor-image-box-img\"><img loading=\"lazy\" decoding=\"async\" width=\"550\" height=\"550\" src=\"https:\/\/amistadcoatepec.com\/site\/wp-content\/uploads\/2025\/07\/Espacio-teens-04.jpg\" class=\"attachment-full size-full wp-image-909\" alt=\"\" srcset=\"https:\/\/amistadcoatepec.com\/site\/wp-content\/uploads\/2025\/07\/Espacio-teens-04.jpg 550w, https:\/\/amistadcoatepec.com\/site\/wp-content\/uploads\/2025\/07\/Espacio-teens-04-300x300.jpg 300w, https:\/\/amistadcoatepec.com\/site\/wp-content\/uploads\/2025\/07\/Espacio-teens-04-150x150.jpg 150w\" sizes=\"(max-width: 550px) 100vw, 550px\" \/><\/figure><\/div>\t\t\t\t<\/div>\n\t\t\t\t<\/div>\n\t\t\t\t<\/div>\n\t\t\t\t<\/div>\n\t\t\t\t<\/div>\n\t\t\t\t<\/div>\n\t\t\t\t<\/div>\n\t\t<div class=\"elementor-element elementor-element-c3f1916 e-con-full elementor-hidden-desktop elementor-hidden-tablet elementor-hidden-mobile e-flex e-con e-parent\" data-id=\"c3f1916\" data-element_type=\"container\" data-settings=\"{&quot;background_background&quot;:&quot;classic&quot;}\">\n\t\t<div class=\"elementor-element elementor-element-b0f88d7 e-con-full e-flex e-con e-child\" data-id=\"b0f88d7\" data-element_type=\"container\">\n\t\t<div class=\"elementor-element elementor-element-16726ec e-con-full e-flex e-con e-child\" data-id=\"16726ec\" data-element_type=\"container\">\n\t\t\t\t<div class=\"elementor-element elementor-element-50f8dde animated-slow elementor-invisible elementor-widget elementor-widget-heading\" data-id=\"50f8dde\" data-element_type=\"widget\" data-settings=\"{&quot;_animation&quot;:&quot;fadeInUp&quot;}\" data-widget_type=\"heading.default\">\n\t\t\t\t<div class=\"elementor-widget-container\">\n\t\t\t\t\t<h2 class=\"elementor-heading-title elementor-size-default\">Galer\u00eda<\/h2>\t\t\t\t<\/div>\n\t\t\t\t<\/div>\n\t\t<div class=\"elementor-element elementor-element-7e31b07 e-con-full e-flex e-con e-child\" data-id=\"7e31b07\" data-element_type=\"container\">\n\t\t<div class=\"elementor-element elementor-element-03e8b85 e-con-full e-flex e-con e-child\" data-id=\"03e8b85\" data-element_type=\"container\">\n\t\t\t\t<div class=\"elementor-element elementor-element-2c3f72a elementor-position-top elementor-widget elementor-widget-image-box\" data-id=\"2c3f72a\" data-element_type=\"widget\" data-widget_type=\"image-box.default\">\n\t\t\t\t<div class=\"elementor-widget-container\">\n\t\t\t\t\t<div class=\"elementor-image-box-wrapper\"><figure class=\"elementor-image-box-img\"><img loading=\"lazy\" decoding=\"async\" width=\"550\" height=\"550\" src=\"https:\/\/amistadcoatepec.com\/site\/wp-content\/uploads\/2024\/08\/Espacio-teens-01.jpg\" class=\"attachment-full size-full wp-image-776\" alt=\"\" srcset=\"https:\/\/amistadcoatepec.com\/site\/wp-content\/uploads\/2024\/08\/Espacio-teens-01.jpg 550w, https:\/\/amistadcoatepec.com\/site\/wp-content\/uploads\/2024\/08\/Espacio-teens-01-300x300.jpg 300w, https:\/\/amistadcoatepec.com\/site\/wp-content\/uploads\/2024\/08\/Espacio-teens-01-150x150.jpg 150w\" sizes=\"(max-width: 550px) 100vw, 550px\" \/><\/figure><div class=\"elementor-image-box-content\"><h3 class=\"elementor-image-box-title\">Lorem<\/h3><p class=\"elementor-image-box-description\">Lorem ipsum dolor sit amet, consectetur adipiscing elit, sed do eiusmod tempor incididunt ut labore et dolore magna aliqua. Ut enim ad minim veniam, quis nostrud exercitation ullamco laboris nisi.<\/p><\/div><\/div>\t\t\t\t<\/div>\n\t\t\t\t<\/div>\n\t\t\t\t<\/div>\n\t\t<div class=\"elementor-element elementor-element-c8abb3c e-con-full e-flex e-con e-child\" data-id=\"c8abb3c\" data-element_type=\"container\">\n\t\t\t\t<div class=\"elementor-element elementor-element-a3b9aa8 elementor-position-top elementor-widget elementor-widget-image-box\" data-id=\"a3b9aa8\" data-element_type=\"widget\" data-widget_type=\"image-box.default\">\n\t\t\t\t<div class=\"elementor-widget-container\">\n\t\t\t\t\t<div class=\"elementor-image-box-wrapper\"><figure class=\"elementor-image-box-img\"><img loading=\"lazy\" decoding=\"async\" width=\"550\" height=\"550\" src=\"https:\/\/amistadcoatepec.com\/site\/wp-content\/uploads\/2024\/08\/Espacio-teens-02.jpg\" class=\"attachment-full size-full wp-image-777\" alt=\"\" srcset=\"https:\/\/amistadcoatepec.com\/site\/wp-content\/uploads\/2024\/08\/Espacio-teens-02.jpg 550w, https:\/\/amistadcoatepec.com\/site\/wp-content\/uploads\/2024\/08\/Espacio-teens-02-300x300.jpg 300w, https:\/\/amistadcoatepec.com\/site\/wp-content\/uploads\/2024\/08\/Espacio-teens-02-150x150.jpg 150w\" sizes=\"(max-width: 550px) 100vw, 550px\" \/><\/figure><div class=\"elementor-image-box-content\"><h3 class=\"elementor-image-box-title\">Ipsum<\/h3><p class=\"elementor-image-box-description\">Lorem ipsum dolor sit amet, consectetur adipiscing elit, sed do eiusmod tempor incididunt ut labore et dolore magna aliqua. Ut enim ad minim veniam, quis nostrud exercitation ullamco laboris nisi.<\/p><\/div><\/div>\t\t\t\t<\/div>\n\t\t\t\t<\/div>\n\t\t\t\t<\/div>\n\t\t<div class=\"elementor-element elementor-element-3e4196a e-con-full e-flex e-con e-child\" data-id=\"3e4196a\" data-element_type=\"container\">\n\t\t\t\t<div class=\"elementor-element elementor-element-9e01560 elementor-position-top elementor-widget elementor-widget-image-box\" data-id=\"9e01560\" data-element_type=\"widget\" data-widget_type=\"image-box.default\">\n\t\t\t\t<div class=\"elementor-widget-container\">\n\t\t\t\t\t<div class=\"elementor-image-box-wrapper\"><figure class=\"elementor-image-box-img\"><img loading=\"lazy\" decoding=\"async\" width=\"550\" height=\"550\" src=\"https:\/\/amistadcoatepec.com\/site\/wp-content\/uploads\/2024\/08\/Espacio-teens-03.jpg\" class=\"attachment-full size-full wp-image-778\" alt=\"\" srcset=\"https:\/\/amistadcoatepec.com\/site\/wp-content\/uploads\/2024\/08\/Espacio-teens-03.jpg 550w, https:\/\/amistadcoatepec.com\/site\/wp-content\/uploads\/2024\/08\/Espacio-teens-03-300x300.jpg 300w, https:\/\/amistadcoatepec.com\/site\/wp-content\/uploads\/2024\/08\/Espacio-teens-03-150x150.jpg 150w\" sizes=\"(max-width: 550px) 100vw, 550px\" \/><\/figure><div class=\"elementor-image-box-content\"><h3 class=\"elementor-image-box-title\">Amet<\/h3><p class=\"elementor-image-box-description\">Lorem ipsum dolor sit amet, consectetur adipiscing elit, sed do eiusmod tempor incididunt ut labore et dolore magna aliqua. Ut enim ad minim veniam, quis nostrud exercitation ullamco laboris nisi.<\/p><\/div><\/div>\t\t\t\t<\/div>\n\t\t\t\t<\/div>\n\t\t\t\t<\/div>\n\t\t<div class=\"elementor-element elementor-element-8b7b4e5 e-con-full e-flex e-con e-child\" data-id=\"8b7b4e5\" data-element_type=\"container\">\n\t\t\t\t<div class=\"elementor-element elementor-element-4b5a32b elementor-position-top elementor-widget elementor-widget-image-box\" data-id=\"4b5a32b\" data-element_type=\"widget\" data-widget_type=\"image-box.default\">\n\t\t\t\t<div class=\"elementor-widget-container\">\n\t\t\t\t\t<div class=\"elementor-image-box-wrapper\"><figure class=\"elementor-image-box-img\"><img loading=\"lazy\" decoding=\"async\" width=\"550\" height=\"550\" src=\"https:\/\/amistadcoatepec.com\/site\/wp-content\/uploads\/2024\/08\/Espacio-teens-04.jpg\" class=\"attachment-full size-full wp-image-779\" alt=\"\" srcset=\"https:\/\/amistadcoatepec.com\/site\/wp-content\/uploads\/2024\/08\/Espacio-teens-04.jpg 550w, https:\/\/amistadcoatepec.com\/site\/wp-content\/uploads\/2024\/08\/Espacio-teens-04-300x300.jpg 300w, https:\/\/amistadcoatepec.com\/site\/wp-content\/uploads\/2024\/08\/Espacio-teens-04-150x150.jpg 150w\" sizes=\"(max-width: 550px) 100vw, 550px\" \/><\/figure><div class=\"elementor-image-box-content\"><h3 class=\"elementor-image-box-title\">Tempor<\/h3><p class=\"elementor-image-box-description\">Lorem ipsum dolor sit amet, consectetur adipiscing elit, sed do eiusmod tempor incididunt ut labore et dolore magna aliqua. Ut enim ad minim veniam, quis nostrud exercitation ullamco laboris nisi.<\/p><\/div><\/div>\t\t\t\t<\/div>\n\t\t\t\t<\/div>\n\t\t\t\t<\/div>\n\t\t\t\t<\/div>\n\t\t\t\t<\/div>\n\t\t\t\t<\/div>\n\t\t\t\t<\/div>\n\t\t<div class=\"elementor-element elementor-element-bdb7eee e-con-full e-flex e-con e-parent\" data-id=\"bdb7eee\" data-element_type=\"container\" data-settings=\"{&quot;background_background&quot;:&quot;classic&quot;}\">\n\t\t\t\t<div class=\"elementor-element elementor-element-a9f7a8b elementor-invisible elementor-widget elementor-widget-image\" data-id=\"a9f7a8b\" data-element_type=\"widget\" data-settings=\"{&quot;_animation&quot;:&quot;fadeInUp&quot;}\" data-widget_type=\"image.default\">\n\t\t\t\t<div class=\"elementor-widget-container\">\n\t\t\t\t\t\t\t\t\t\t\t\t\t\t\t<img loading=\"lazy\" decoding=\"async\" width=\"392\" height=\"198\" src=\"https:\/\/amistadcoatepec.com\/site\/wp-content\/uploads\/2024\/08\/unete.svg\" class=\"attachment-large size-large wp-image-751\" alt=\"\" \/>\t\t\t\t\t\t\t\t\t\t\t\t\t\t\t<\/div>\n\t\t\t\t<\/div>\n\t\t\t\t<div class=\"elementor-element elementor-element-99aa52c elementor-invisible elementor-widget elementor-widget-heading\" data-id=\"99aa52c\" data-element_type=\"widget\" data-settings=\"{&quot;_animation&quot;:&quot;fadeIn&quot;,&quot;_animation_delay&quot;:1000}\" data-widget_type=\"heading.default\">\n\t\t\t\t<div class=\"elementor-widget-container\">\n\t\t\t\t\t<h2 class=\"elementor-heading-title elementor-size-default\">y crece con nosotros<\/h2>\t\t\t\t<\/div>\n\t\t\t\t<\/div>\n\t\t\t\t<div class=\"elementor-element elementor-element-1943bca elementor-widget elementor-widget-spacer\" data-id=\"1943bca\" data-element_type=\"widget\" data-widget_type=\"spacer.default\">\n\t\t\t\t<div class=\"elementor-widget-container\">\n\t\t\t\t\t\t\t<div class=\"elementor-spacer\">\n\t\t\t<div class=\"elementor-spacer-inner\"><\/div>\n\t\t<\/div>\n\t\t\t\t\t\t<\/div>\n\t\t\t\t<\/div>\n\t\t\t\t<div class=\"elementor-element elementor-element-ab4d50a elementor-widget__width-initial elementor-widget elementor-widget-heading\" data-id=\"ab4d50a\" data-element_type=\"widget\" data-widget_type=\"heading.default\">\n\t\t\t\t<div class=\"elementor-widget-container\">\n\t\t\t\t\t<p class=\"elementor-heading-title elementor-size-default\"><strong>\n\u201c...\u00bfC\u00f3mo puede un joven mantenerse puro?\nObedeciendo tu palabra....\u201d\n<\/strong><\/p>\t\t\t\t<\/div>\n\t\t\t\t<\/div>\n\t\t\t\t<div class=\"elementor-element elementor-element-1d98eef elementor-widget elementor-widget-spacer\" data-id=\"1d98eef\" data-element_type=\"widget\" data-widget_type=\"spacer.default\">\n\t\t\t\t<div class=\"elementor-widget-container\">\n\t\t\t\t\t\t\t<div class=\"elementor-spacer\">\n\t\t\t<div class=\"elementor-spacer-inner\"><\/div>\n\t\t<\/div>\n\t\t\t\t\t\t<\/div>\n\t\t\t\t<\/div>\n\t\t\t\t<div class=\"elementor-element elementor-element-ec205ab elementor-align-center elementor-widget elementor-widget-button\" data-id=\"ec205ab\" data-element_type=\"widget\" data-widget_type=\"button.default\">\n\t\t\t\t<div class=\"elementor-widget-container\">\n\t\t\t\t\t\t\t\t\t<div class=\"elementor-button-wrapper\">\n\t\t\t\t\t<a class=\"elementor-button elementor-button-link elementor-size-sm\" href=\"https:\/\/www.bible.com\/es\/bible\/127\/PSA.119.9.NTV\" target=\"_blank\">\n\t\t\t\t\t\t<span class=\"elementor-button-content-wrapper\">\n\t\t\t\t\t\t<span class=\"elementor-button-icon\">\n\t\t\t\t<svg aria-hidden=\"true\" class=\"e-font-icon-svg e-fas-arrow-right\" viewBox=\"0 0 448 512\" xmlns=\"http:\/\/www.w3.org\/2000\/svg\"><path d=\"M190.5 66.9l22.2-22.2c9.4-9.4 24.6-9.4 33.9 0L441 239c9.4 9.4 9.4 24.6 0 33.9L246.6 467.3c-9.4 9.4-24.6 9.4-33.9 0l-22.2-22.2c-9.5-9.5-9.3-25 .4-34.3L311.4 296H24c-13.3 0-24-10.7-24-24v-32c0-13.3 10.7-24 24-24h287.4L190.9 101.2c-9.8-9.3-10-24.8-.4-34.3z\"><\/path><\/svg>\t\t\t<\/span>\n\t\t\t\t\t\t\t\t\t<span class=\"elementor-button-text\">Salmos 119:9<\/span>\n\t\t\t\t\t<\/span>\n\t\t\t\t\t<\/a>\n\t\t\t\t<\/div>\n\t\t\t\t\t\t\t\t<\/div>\n\t\t\t\t<\/div>\n\t\t\t\t<\/div>\n\t\t\t\t<\/div>\n\t\t","protected":false},"excerpt":{"rendered":"<p>teens Cada 15 d\u00edas en nuestras reuniones generales de domingo, los adolescentes tienen cita con todo el staff de Teens para tener ense\u00f1anzas practicas, din\u00e1micas y actividades que le lleve a disfrutar y desarrollar su fe en Dios. Galer\u00eda Galer\u00eda Lorem Lorem ipsum dolor sit amet, consectetur adipiscing elit, sed do eiusmod tempor incididunt ut [&hellip;]<\/p>\n","protected":false},"author":1,"featured_media":0,"parent":0,"menu_order":0,"comment_status":"closed","ping_status":"closed","template":"elementor_header_footer","meta":{"footnotes":""},"class_list":["post-770","page","type-page","status-publish","hentry"],"_links":{"self":[{"href":"https:\/\/amistadcoatepec.com\/site\/wp-json\/wp\/v2\/pages\/770","targetHints":{"allow":["GET"]}}],"collection":[{"href":"https:\/\/amistadcoatepec.com\/site\/wp-json\/wp\/v2\/pages"}],"about":[{"href":"https:\/\/amistadcoatepec.com\/site\/wp-json\/wp\/v2\/types\/page"}],"author":[{"embeddable":true,"href":"https:\/\/amistadcoatepec.com\/site\/wp-json\/wp\/v2\/users\/1"}],"replies":[{"embeddable":true,"href":"https:\/\/amistadcoatepec.com\/site\/wp-json\/wp\/v2\/comments?post=770"}],"version-history":[{"count":28,"href":"https:\/\/amistadcoatepec.com\/site\/wp-json\/wp\/v2\/pages\/770\/revisions"}],"predecessor-version":[{"id":1308,"href":"https:\/\/amistadcoatepec.com\/site\/wp-json\/wp\/v2\/pages\/770\/revisions\/1308"}],"wp:attachment":[{"href":"https:\/\/amistadcoatepec.com\/site\/wp-json\/wp\/v2\/media?parent=770"}],"curies":[{"name":"wp","href":"https:\/\/api.w.org\/{rel}","templated":true}]}}