{"id":703,"date":"2024-08-19T06:53:31","date_gmt":"2024-08-19T06:53:31","guid":{"rendered":"https:\/\/amistadcoatepec.com\/site\/?page_id=703"},"modified":"2025-07-24T18:56:52","modified_gmt":"2025-07-24T18:56:52","slug":"liderazgo","status":"publish","type":"page","link":"https:\/\/amistadcoatepec.com\/site\/liderazgo\/","title":{"rendered":"Liderazgo"},"content":{"rendered":"\t\t<div data-elementor-type=\"wp-page\" data-elementor-id=\"703\" class=\"elementor elementor-703\" data-elementor-post-type=\"page\">\n\t\t\t\t<div class=\"elementor-element elementor-element-392d6d4 e-con-full e-flex e-con e-parent\" data-id=\"392d6d4\" data-element_type=\"container\" data-settings=\"{&quot;background_background&quot;:&quot;slideshow&quot;,&quot;background_slideshow_gallery&quot;:[{&quot;id&quot;:705,&quot;url&quot;:&quot;https:\\\/\\\/amistadcoatepec.com\\\/site\\\/wp-content\\\/uploads\\\/2024\\\/08\\\/banner-Liderazgo-01.jpg&quot;}],&quot;background_slideshow_loop&quot;:&quot;yes&quot;,&quot;background_slideshow_slide_duration&quot;:5000,&quot;background_slideshow_slide_transition&quot;:&quot;fade&quot;,&quot;background_slideshow_transition_duration&quot;:500}\">\n\t\t<div class=\"elementor-element elementor-element-0e8c18a e-con-full e-flex e-con e-child\" data-id=\"0e8c18a\" data-element_type=\"container\">\n\t\t<div class=\"elementor-element elementor-element-1d4dd8d e-con-full e-flex e-con e-child\" data-id=\"1d4dd8d\" data-element_type=\"container\" data-settings=\"{&quot;background_background&quot;:&quot;classic&quot;}\">\n\t\t<div class=\"elementor-element elementor-element-a4ae638 e-con-full e-flex e-con e-child\" data-id=\"a4ae638\" data-element_type=\"container\">\n\t\t\t\t<div class=\"elementor-element elementor-element-42899b2 elementor-invisible elementor-widget elementor-widget-heading\" data-id=\"42899b2\" data-element_type=\"widget\" data-settings=\"{&quot;_animation&quot;:&quot;fadeInLeft&quot;,&quot;_animation_delay&quot;:700}\" data-widget_type=\"heading.default\">\n\t\t\t\t<div class=\"elementor-widget-container\">\n\t\t\t\t\t<h2 class=\"elementor-heading-title elementor-size-default\">LIDERAZGO<\/h2>\t\t\t\t<\/div>\n\t\t\t\t<\/div>\n\t\t\t\t<div class=\"elementor-element elementor-element-c10363a elementor-widget elementor-widget-image\" data-id=\"c10363a\" data-element_type=\"widget\" data-widget_type=\"image.default\">\n\t\t\t\t<div class=\"elementor-widget-container\">\n\t\t\t\t\t\t\t\t\t\t\t\t\t\t\t<img fetchpriority=\"high\" decoding=\"async\" width=\"663\" height=\"225\" src=\"https:\/\/amistadcoatepec.com\/site\/wp-content\/uploads\/2024\/08\/para-servirte.svg\" class=\"attachment-large size-large wp-image-706\" alt=\"\" \/>\t\t\t\t\t\t\t\t\t\t\t\t\t\t\t<\/div>\n\t\t\t\t<\/div>\n\t\t\t\t<\/div>\n\t\t<div class=\"elementor-element elementor-element-d631219 e-con-full e-flex elementor-invisible e-con e-child\" data-id=\"d631219\" data-element_type=\"container\" data-settings=\"{&quot;animation&quot;:&quot;fadeInRight&quot;}\">\n\t\t\t\t<div class=\"elementor-element elementor-element-d6c2791 elementor-widget elementor-widget-heading\" data-id=\"d6c2791\" data-element_type=\"widget\" data-widget_type=\"heading.default\">\n\t\t\t\t<div class=\"elementor-widget-container\">\n\t\t\t\t\t<h2 class=\"elementor-heading-title elementor-size-default\">Israel y Carolina T\u00e9llez <\/h2>\t\t\t\t<\/div>\n\t\t\t\t<\/div>\n\t\t\t\t<div class=\"elementor-element elementor-element-d4019e8 elementor-widget elementor-widget-heading\" data-id=\"d4019e8\" data-element_type=\"widget\" data-widget_type=\"heading.default\">\n\t\t\t\t<div class=\"elementor-widget-container\">\n\t\t\t\t\t<p class=\"elementor-heading-title elementor-size-default\">Son dos din\u00e1micos l\u00edderes, conferencistas y transformadores de organizaciones.\nSe desempe\u00f1an como los directores generales de Amistad de Coatepec; desafiando a su auditorio con un mensaje claro a elevar su calidad de vida, poniendo en pr\u00e1ctica los principios de liderazgo y de servicio, que registra la Biblia.<\/p>\t\t\t\t<\/div>\n\t\t\t\t<\/div>\n\t\t\t\t<\/div>\n\t\t\t\t<\/div>\n\t\t\t\t<\/div>\n\t\t\t\t<\/div>\n\t\t<div class=\"elementor-element elementor-element-d791e66 e-con-full e-flex e-con e-parent\" data-id=\"d791e66\" data-element_type=\"container\" data-settings=\"{&quot;background_background&quot;:&quot;gradient&quot;}\">\n\t\t\t\t<div class=\"elementor-element elementor-element-0e3018b elementor-widget elementor-widget-image\" data-id=\"0e3018b\" data-element_type=\"widget\" data-widget_type=\"image.default\">\n\t\t\t\t<div class=\"elementor-widget-container\">\n\t\t\t\t\t\t\t\t\t\t\t\t\t\t\t<img decoding=\"async\" width=\"50\" height=\"50\" src=\"https:\/\/amistadcoatepec.com\/site\/wp-content\/uploads\/2024\/08\/indicador-yellow.svg\" class=\"attachment-large size-large wp-image-649\" alt=\"\" \/>\t\t\t\t\t\t\t\t\t\t\t\t\t\t\t<\/div>\n\t\t\t\t<\/div>\n\t\t\t\t<\/div>\n\t\t<div class=\"elementor-element elementor-element-653b7c2 e-con-full e-flex e-con e-parent\" data-id=\"653b7c2\" data-element_type=\"container\" data-settings=\"{&quot;background_background&quot;:&quot;classic&quot;}\">\n\t\t<div class=\"elementor-element elementor-element-1579bd7 e-flex e-con-boxed e-con e-child\" data-id=\"1579bd7\" data-element_type=\"container\">\n\t\t\t\t\t<div class=\"e-con-inner\">\n\t\t<div class=\"elementor-element elementor-element-15bb4fa e-con-full e-flex e-con e-child\" data-id=\"15bb4fa\" data-element_type=\"container\">\n\t\t\t\t<div class=\"elementor-element elementor-element-66c3631 animated-slow elementor-invisible elementor-widget elementor-widget-heading\" data-id=\"66c3631\" data-element_type=\"widget\" data-settings=\"{&quot;_animation&quot;:&quot;fadeInUp&quot;}\" data-widget_type=\"heading.default\">\n\t\t\t\t<div class=\"elementor-widget-container\">\n\t\t\t\t\t<h2 class=\"elementor-heading-title elementor-size-default\">Liderazgo HD<\/h2>\t\t\t\t<\/div>\n\t\t\t\t<\/div>\n\t\t<div class=\"elementor-element elementor-element-36174e4 e-con-full e-flex e-con e-child\" data-id=\"36174e4\" data-element_type=\"container\">\n\t\t<div class=\"elementor-element elementor-element-358c784 e-con-full e-flex e-con e-child\" data-id=\"358c784\" data-element_type=\"container\">\n\t\t\t\t<div class=\"elementor-element elementor-element-631780f elementor-position-top elementor-widget elementor-widget-image-box\" data-id=\"631780f\" data-element_type=\"widget\" data-widget_type=\"image-box.default\">\n\t\t\t\t<div class=\"elementor-widget-container\">\n\t\t\t\t\t<div class=\"elementor-image-box-wrapper\"><figure class=\"elementor-image-box-img\"><img decoding=\"async\" width=\"550\" height=\"550\" src=\"https:\/\/amistadcoatepec.com\/site\/wp-content\/uploads\/2024\/08\/01-Gera-y-Genesis.jpg\" class=\"attachment-full size-full wp-image-713\" alt=\"\" srcset=\"https:\/\/amistadcoatepec.com\/site\/wp-content\/uploads\/2024\/08\/01-Gera-y-Genesis.jpg 550w, https:\/\/amistadcoatepec.com\/site\/wp-content\/uploads\/2024\/08\/01-Gera-y-Genesis-300x300.jpg 300w, https:\/\/amistadcoatepec.com\/site\/wp-content\/uploads\/2024\/08\/01-Gera-y-Genesis-150x150.jpg 150w\" sizes=\"(max-width: 550px) 100vw, 550px\" \/><\/figure><div class=\"elementor-image-box-content\"><h3 class=\"elementor-image-box-title\">Gerardo y G\u00e9nesis Galv\u00e1n<\/h3><p class=\"elementor-image-box-description\">Son parte activa del liderazgo, sirven con un mensaje directo y pr\u00e1ctico, para animar a cada persona a desarrollar el potencial que Dios ha puesto sobre todo creyente, crecer en su fe y tomar su posici\u00f3n en el reino de los cielos. \n\nAdem\u00e1s, son parte del staff de maestros de Instituto B\u00edblico \"Amistad para el Mundo\".<\/p><\/div><\/div>\t\t\t\t<\/div>\n\t\t\t\t<\/div>\n\t\t\t\t<\/div>\n\t\t<div class=\"elementor-element elementor-element-f14545f e-con-full e-flex e-con e-child\" data-id=\"f14545f\" data-element_type=\"container\">\n\t\t\t\t<div class=\"elementor-element elementor-element-73ea730 elementor-position-top elementor-widget elementor-widget-image-box\" data-id=\"73ea730\" data-element_type=\"widget\" data-widget_type=\"image-box.default\">\n\t\t\t\t<div class=\"elementor-widget-container\">\n\t\t\t\t\t<div class=\"elementor-image-box-wrapper\"><figure class=\"elementor-image-box-img\"><img loading=\"lazy\" decoding=\"async\" width=\"550\" height=\"550\" src=\"https:\/\/amistadcoatepec.com\/site\/wp-content\/uploads\/2024\/08\/02-Berna-y-Oti.jpg\" class=\"attachment-full size-full wp-image-714\" alt=\"\" srcset=\"https:\/\/amistadcoatepec.com\/site\/wp-content\/uploads\/2024\/08\/02-Berna-y-Oti.jpg 550w, https:\/\/amistadcoatepec.com\/site\/wp-content\/uploads\/2024\/08\/02-Berna-y-Oti-300x300.jpg 300w, https:\/\/amistadcoatepec.com\/site\/wp-content\/uploads\/2024\/08\/02-Berna-y-Oti-150x150.jpg 150w\" sizes=\"(max-width: 550px) 100vw, 550px\" \/><\/figure><div class=\"elementor-image-box-content\"><h3 class=\"elementor-image-box-title\">Bernardo y Oti Morales<\/h3><p class=\"elementor-image-box-description\">Con su diligente servicio y liderazgo, ayudan a levantar a m\u00e1s personas a encontrar su identidad en Cristo, a conocer a Dios y animan a servir a otros con su ejemplo.\n\nSe desempe\u00f1an activamente en la formaci\u00f3n de reuniones de Amistad en Casa.<\/p><\/div><\/div>\t\t\t\t<\/div>\n\t\t\t\t<\/div>\n\t\t\t\t<\/div>\n\t\t\t\t<\/div>\n\t\t<div class=\"elementor-element elementor-element-2a4a944 e-con-full e-flex e-con e-child\" data-id=\"2a4a944\" data-element_type=\"container\">\n\t\t<div class=\"elementor-element elementor-element-77ad5c7 e-con-full e-flex e-con e-child\" data-id=\"77ad5c7\" data-element_type=\"container\">\n\t\t\t\t<div class=\"elementor-element elementor-element-3c3d9ac elementor-position-top elementor-widget elementor-widget-image-box\" data-id=\"3c3d9ac\" data-element_type=\"widget\" data-widget_type=\"image-box.default\">\n\t\t\t\t<div class=\"elementor-widget-container\">\n\t\t\t\t\t<div class=\"elementor-image-box-wrapper\"><figure class=\"elementor-image-box-img\"><img loading=\"lazy\" decoding=\"async\" width=\"550\" height=\"550\" src=\"https:\/\/amistadcoatepec.com\/site\/wp-content\/uploads\/2024\/08\/03-Jhonatan-y-Edith.jpg\" class=\"attachment-full size-full wp-image-715\" alt=\"\" srcset=\"https:\/\/amistadcoatepec.com\/site\/wp-content\/uploads\/2024\/08\/03-Jhonatan-y-Edith.jpg 550w, https:\/\/amistadcoatepec.com\/site\/wp-content\/uploads\/2024\/08\/03-Jhonatan-y-Edith-300x300.jpg 300w, https:\/\/amistadcoatepec.com\/site\/wp-content\/uploads\/2024\/08\/03-Jhonatan-y-Edith-150x150.jpg 150w\" sizes=\"(max-width: 550px) 100vw, 550px\" \/><\/figure><div class=\"elementor-image-box-content\"><h3 class=\"elementor-image-box-title\">Jhonatan y Edith Valdivia<\/h3><p class=\"elementor-image-box-description\">Dirigen con entusiasmo, el grupo de Teens. Junto a su staff de maestros, ense\u00f1an a las pr\u00f3ximas generaciones a encontrar su identidad en Jesucristo, descubrir su prop\u00f3sito en esta tierra y, activarse en el servicio para impactar a su generaci\u00f3n.\n\nTambi\u00e9n, forman parte del staff de maestros del Instituto B\u00edblico \"Amistad para el Mundo\".<\/p><\/div><\/div>\t\t\t\t<\/div>\n\t\t\t\t<\/div>\n\t\t\t\t<\/div>\n\t\t<div class=\"elementor-element elementor-element-a5dc33d e-con-full e-flex e-con e-child\" data-id=\"a5dc33d\" data-element_type=\"container\">\n\t\t\t\t<div class=\"elementor-element elementor-element-ca64bea elementor-position-top elementor-widget elementor-widget-image-box\" data-id=\"ca64bea\" data-element_type=\"widget\" data-widget_type=\"image-box.default\">\n\t\t\t\t<div class=\"elementor-widget-container\">\n\t\t\t\t\t<div class=\"elementor-image-box-wrapper\"><figure class=\"elementor-image-box-img\"><img loading=\"lazy\" decoding=\"async\" width=\"550\" height=\"550\" src=\"https:\/\/amistadcoatepec.com\/site\/wp-content\/uploads\/2024\/08\/04-Sergio-y-Cecy.jpg\" class=\"attachment-full size-full wp-image-716\" alt=\"\" srcset=\"https:\/\/amistadcoatepec.com\/site\/wp-content\/uploads\/2024\/08\/04-Sergio-y-Cecy.jpg 550w, https:\/\/amistadcoatepec.com\/site\/wp-content\/uploads\/2024\/08\/04-Sergio-y-Cecy-300x300.jpg 300w, https:\/\/amistadcoatepec.com\/site\/wp-content\/uploads\/2024\/08\/04-Sergio-y-Cecy-150x150.jpg 150w\" sizes=\"(max-width: 550px) 100vw, 550px\" \/><\/figure><div class=\"elementor-image-box-content\"><h3 class=\"elementor-image-box-title\">Jos\u00e9 Luis y Cecy Magall\u00f3n<\/h3><p class=\"elementor-image-box-description\">Dirigen din\u00e1micamente toda el \u00e1rea de Amistad Kids junto a todo el staff de maestros; donde reciben con alegr\u00eda, amor y respeto a cada ni\u00f1o, ense\u00f1\u00e1ndoles a conocer Dios como Padre a trav\u00e9s de su familia y poner en acci\u00f3n su fe, en su diario vivir.<\/p><\/div><\/div>\t\t\t\t<\/div>\n\t\t\t\t<\/div>\n\t\t\t\t<\/div>\n\t\t\t\t<\/div>\n\t\t<div class=\"elementor-element elementor-element-e89afa6 e-con-full e-flex e-con e-child\" data-id=\"e89afa6\" data-element_type=\"container\">\n\t\t<div class=\"elementor-element elementor-element-f59e61d e-con-full e-flex e-con e-child\" data-id=\"f59e61d\" data-element_type=\"container\">\n\t\t\t\t<div class=\"elementor-element elementor-element-7aaa2e3 elementor-position-top elementor-widget elementor-widget-image-box\" data-id=\"7aaa2e3\" data-element_type=\"widget\" data-widget_type=\"image-box.default\">\n\t\t\t\t<div class=\"elementor-widget-container\">\n\t\t\t\t\t<div class=\"elementor-image-box-wrapper\"><figure class=\"elementor-image-box-img\"><img loading=\"lazy\" decoding=\"async\" width=\"550\" height=\"550\" src=\"https:\/\/amistadcoatepec.com\/site\/wp-content\/uploads\/2024\/08\/05-Abi-y-Linda.jpg\" class=\"attachment-full size-full wp-image-717\" alt=\"\" srcset=\"https:\/\/amistadcoatepec.com\/site\/wp-content\/uploads\/2024\/08\/05-Abi-y-Linda.jpg 550w, https:\/\/amistadcoatepec.com\/site\/wp-content\/uploads\/2024\/08\/05-Abi-y-Linda-300x300.jpg 300w, https:\/\/amistadcoatepec.com\/site\/wp-content\/uploads\/2024\/08\/05-Abi-y-Linda-150x150.jpg 150w\" sizes=\"(max-width: 550px) 100vw, 550px\" \/><\/figure><div class=\"elementor-image-box-content\"><h3 class=\"elementor-image-box-title\">Abimael y Linda Cruz<\/h3><p class=\"elementor-image-box-description\">Con pasi\u00f3n a Dios y dinamismo, dirigen toda el \u00e1rea de Eterno Presente, levantando a j\u00f3venes a ser radicales y determinados, en amar a Dios sobre todas las cosas, manifestando el car\u00e1cter de Cristo y, poder desarrollar su potencial a trav\u00e9s del servicio.<\/p><\/div><\/div>\t\t\t\t<\/div>\n\t\t\t\t<\/div>\n\t\t\t\t<\/div>\n\t\t<div class=\"elementor-element elementor-element-8c22780 e-con-full e-flex e-con e-child\" data-id=\"8c22780\" data-element_type=\"container\">\n\t\t\t\t<div class=\"elementor-element elementor-element-881440f elementor-position-top elementor-widget elementor-widget-image-box\" data-id=\"881440f\" data-element_type=\"widget\" data-widget_type=\"image-box.default\">\n\t\t\t\t<div class=\"elementor-widget-container\">\n\t\t\t\t\t<div class=\"elementor-image-box-wrapper\"><figure class=\"elementor-image-box-img\"><img loading=\"lazy\" decoding=\"async\" width=\"550\" height=\"550\" src=\"https:\/\/amistadcoatepec.com\/site\/wp-content\/uploads\/2024\/08\/06-Sarita.jpg\" class=\"attachment-full size-full wp-image-718\" alt=\"\" srcset=\"https:\/\/amistadcoatepec.com\/site\/wp-content\/uploads\/2024\/08\/06-Sarita.jpg 550w, https:\/\/amistadcoatepec.com\/site\/wp-content\/uploads\/2024\/08\/06-Sarita-300x300.jpg 300w, https:\/\/amistadcoatepec.com\/site\/wp-content\/uploads\/2024\/08\/06-Sarita-150x150.jpg 150w\" sizes=\"(max-width: 550px) 100vw, 550px\" \/><\/figure><div class=\"elementor-image-box-content\"><h3 class=\"elementor-image-box-title\">Sarita Contreras<\/h3><p class=\"elementor-image-box-description\">Con un esp\u00edritu de hospitalidad, calidez y fraternidad, dirige el \u00e1rea de edecanes, recibiendo a cientos de familias semana con semana, haci\u00e9ndoles sentir en casa.<\/p><\/div><\/div>\t\t\t\t<\/div>\n\t\t\t\t<\/div>\n\t\t\t\t<\/div>\n\t\t\t\t<\/div>\n\t\t<div class=\"elementor-element elementor-element-ed5b6c9 e-con-full e-flex e-con e-child\" data-id=\"ed5b6c9\" data-element_type=\"container\">\n\t\t<div class=\"elementor-element elementor-element-0de7325 e-con-full e-flex e-con e-child\" data-id=\"0de7325\" data-element_type=\"container\">\n\t\t\t\t<div class=\"elementor-element elementor-element-20ff2f8 elementor-position-top elementor-widget elementor-widget-image-box\" data-id=\"20ff2f8\" data-element_type=\"widget\" data-widget_type=\"image-box.default\">\n\t\t\t\t<div class=\"elementor-widget-container\">\n\t\t\t\t\t<div class=\"elementor-image-box-wrapper\"><figure class=\"elementor-image-box-img\"><img loading=\"lazy\" decoding=\"async\" width=\"550\" height=\"550\" src=\"https:\/\/amistadcoatepec.com\/site\/wp-content\/uploads\/2024\/08\/07-Gloria.jpg\" class=\"attachment-full size-full wp-image-719\" alt=\"\" srcset=\"https:\/\/amistadcoatepec.com\/site\/wp-content\/uploads\/2024\/08\/07-Gloria.jpg 550w, https:\/\/amistadcoatepec.com\/site\/wp-content\/uploads\/2024\/08\/07-Gloria-300x300.jpg 300w, https:\/\/amistadcoatepec.com\/site\/wp-content\/uploads\/2024\/08\/07-Gloria-150x150.jpg 150w\" sizes=\"(max-width: 550px) 100vw, 550px\" \/><\/figure><div class=\"elementor-image-box-content\"><h3 class=\"elementor-image-box-title\">Gloria S\u00e1nchez<\/h3><p class=\"elementor-image-box-description\">Es la directora del Instituto B\u00edblico \"Amistad para el Mundo\", donde dirige y ense\u00f1a a tener una relaci\u00f3n \u00edntima y profunda con Dios, que manifieste una vida sobrenatural; al abrazar toda nuestra identidad como hijos de Dios, activarnos en el servicio y ser lideres en el lugar donde Dios nos ha puesto.<\/p><\/div><\/div>\t\t\t\t<\/div>\n\t\t\t\t<\/div>\n\t\t\t\t<\/div>\n\t\t<div class=\"elementor-element elementor-element-7f46e2a e-con-full e-flex e-con e-child\" data-id=\"7f46e2a\" data-element_type=\"container\">\n\t\t\t\t<\/div>\n\t\t\t\t<\/div>\n\t\t\t\t<\/div>\n\t\t\t\t\t<\/div>\n\t\t\t\t<\/div>\n\t\t\t\t<\/div>\n\t\t\t\t<\/div>\n\t\t","protected":false},"excerpt":{"rendered":"<p>LIDERAZGO Israel y Carolina T\u00e9llez Son dos din\u00e1micos l\u00edderes, conferencistas y transformadores de organizaciones. Se desempe\u00f1an como los directores generales de Amistad de Coatepec; desafiando a su auditorio con un mensaje claro a elevar su calidad de vida, poniendo en pr\u00e1ctica los principios de liderazgo y de servicio, que registra la Biblia. Liderazgo HD Gerardo [&hellip;]<\/p>\n","protected":false},"author":1,"featured_media":0,"parent":0,"menu_order":0,"comment_status":"closed","ping_status":"closed","template":"elementor_header_footer","meta":{"footnotes":""},"class_list":["post-703","page","type-page","status-publish","hentry"],"_links":{"self":[{"href":"https:\/\/amistadcoatepec.com\/site\/wp-json\/wp\/v2\/pages\/703","targetHints":{"allow":["GET"]}}],"collection":[{"href":"https:\/\/amistadcoatepec.com\/site\/wp-json\/wp\/v2\/pages"}],"about":[{"href":"https:\/\/amistadcoatepec.com\/site\/wp-json\/wp\/v2\/types\/page"}],"author":[{"embeddable":true,"href":"https:\/\/amistadcoatepec.com\/site\/wp-json\/wp\/v2\/users\/1"}],"replies":[{"embeddable":true,"href":"https:\/\/amistadcoatepec.com\/site\/wp-json\/wp\/v2\/comments?post=703"}],"version-history":[{"count":40,"href":"https:\/\/amistadcoatepec.com\/site\/wp-json\/wp\/v2\/pages\/703\/revisions"}],"predecessor-version":[{"id":1290,"href":"https:\/\/amistadcoatepec.com\/site\/wp-json\/wp\/v2\/pages\/703\/revisions\/1290"}],"wp:attachment":[{"href":"https:\/\/amistadcoatepec.com\/site\/wp-json\/wp\/v2\/media?parent=703"}],"curies":[{"name":"wp","href":"https:\/\/api.w.org\/{rel}","templated":true}]}}